{"id":332,"date":"2025-08-15T09:38:10","date_gmt":"2025-08-15T09:38:10","guid":{"rendered":"https:\/\/csnet-conference.org\/2025\/?page_id=332"},"modified":"2025-09-01T16:34:33","modified_gmt":"2025-09-01T16:34:33","slug":"dsgenai-2025","status":"publish","type":"page","link":"https:\/\/csnet-conference.org\/2025\/dsgenai-2025\/","title":{"rendered":"DSGenAI-2025"},"content":{"rendered":"\n<h2 class=\"wp-block-heading\"><strong><mark style=\"background-color:rgba(0, 0, 0, 0)\" class=\"has-inline-color has-vivid-cyan-blue-color\">DSGenAI-2025 Workshop<\/mark><\/strong><\/h2>\n\n\n\n<p>Generative Artificial Intelligence (GenAI) is transforming the landscape of digital content creation \u2014 from software and code generation to text, images, and synthetic data. These technologies enable automation at scale and open new opportunities across sectors such as software engineering, cybersecurity, healthcare, and education. However, as GenAI systems become increasingly deployed in mission-critical and sensitive domains, their inherent vulnerabilities raise pressing concerns regarding security, dependability, and ethical use.<br>DSGenAI-2025 is an international workshop dedicated to exploring the challenges and advancements in building dependable and secure GenAI systems. The workshop will bring together researchers, practitioners, and policymakers from diverse disciplines to examine the threats and risks posed by GenAI technologies and develop strategies to improve their robustness, reliability, and trustworthiness.<\/p>\n\n\n\n<p>Through peer-reviewed paper presentations and interactive sessions, the workshop will provide a platform to share knowledge, foster collaboration, and shape the future of secure GenAI research and development.<\/p>\n\n\n\n<hr class=\"wp-block-separator has-alpha-channel-opacity\"\/>\n\n\n\n<h3 class=\"wp-block-heading\"><strong><mark style=\"background-color:rgba(0, 0, 0, 0)\" class=\"has-inline-color has-vivid-cyan-blue-color\">Submission Deadlines<\/mark><\/strong><\/h3>\n\n\n\n<ul class=\"wp-block-list\">\n<li>Submission Deadline: <strong><s><mark style=\"background-color:rgba(0, 0, 0, 0)\" class=\"has-inline-color has-black-color\">August 30, 2025<\/mark><\/s><\/strong> <strong><mark style=\"background-color:rgba(0, 0, 0, 0)\" class=\"has-inline-color has-vivid-red-color\">September 12, 2025<\/mark><\/strong><\/li>\n\n\n\n<li>Notification Date: <s>September 20, 2025<\/s> September 25, 2025<\/li>\n\n\n\n<li>Camera-ready &amp; Author Registration: September 30, 2025<\/li>\n<\/ul>\n\n\n\n<hr class=\"wp-block-separator has-alpha-channel-opacity\"\/>\n\n\n\n<p><strong><mark style=\"background-color:rgba(0, 0, 0, 0)\" class=\"has-inline-color has-vivid-red-color\">For more details please visit the workshop website at:<a href=\"https:\/\/workshop-site.github.io\/SRC-DAV\/index.html\"> <\/a><\/mark><a href=\"https:\/\/isuvo.github.io\/DSGenAI-2025\/\">https:\/\/isuvo.github.io\/DSGenAI-2025\/<\/a><\/strong><\/p>\n\n\n\n<p><\/p>\n\n\n\n<hr class=\"wp-block-separator has-alpha-channel-opacity\"\/>\n\n\n\n<h3 class=\"wp-block-heading\"><strong><mark style=\"background-color:rgba(0, 0, 0, 0)\" class=\"has-inline-color has-vivid-cyan-blue-color\">Organizers<\/mark><\/strong><\/h3>\n\n\n\n<p><strong>Prof. Yasir Malik<\/strong>, Director, System Security Lab (SSL), Associate Professor, Bishop&#8217;s University, Canada<br><strong>Prof. Fehmi Jaafar,<\/strong> Chairholder, Institutional Research Chair on Cyberdefense and Personal Data Protection (CybPro), Associate Professor, Universit\u00e9 du Qu\u00e9bec \u00e0 Chicoutimi (UQAC), Canada<\/p>\n","protected":false},"excerpt":{"rendered":"<p>DSGenAI-2025 Workshop Generative Artificial Intelligence (GenAI) &hellip; <a href=\"https:\/\/csnet-conference.org\/2025\/dsgenai-2025\/\">Continue reading <span class=\"meta-nav\">&rarr;<\/span><\/a><\/p>\n","protected":false},"author":1,"featured_media":0,"parent":0,"menu_order":0,"comment_status":"closed","ping_status":"closed","template":"","meta":{"footnotes":""},"class_list":["post-332","page","type-page","status-publish","hentry"],"yoast_head":"<!-- This site is optimized with the Yoast SEO plugin v26.1.1 - https:\/\/yoast.com\/wordpress\/plugins\/seo\/ -->\n<title>DSGenAI-2025 - CSNet 2025<\/title>\n<meta name=\"robots\" content=\"index, follow, max-snippet:-1, max-image-preview:large, max-video-preview:-1\" \/>\n<link rel=\"canonical\" href=\"https:\/\/csnet-conference.org\/2025\/dsgenai-2025\/\" \/>\n<meta property=\"og:locale\" content=\"en_US\" \/>\n<meta property=\"og:type\" content=\"article\" \/>\n<meta property=\"og:title\" content=\"DSGenAI-2025 - CSNet 2025\" \/>\n<meta property=\"og:description\" content=\"DSGenAI-2025 Workshop Generative Artificial Intelligence (GenAI) &hellip; Continue reading &rarr;\" \/>\n<meta property=\"og:url\" content=\"https:\/\/csnet-conference.org\/2025\/dsgenai-2025\/\" \/>\n<meta property=\"og:site_name\" content=\"CSNet 2025\" \/>\n<meta property=\"article:modified_time\" content=\"2025-09-01T16:34:33+00:00\" \/>\n<meta name=\"twitter:card\" content=\"summary_large_image\" \/>\n<meta name=\"twitter:label1\" content=\"Est. reading time\" \/>\n\t<meta name=\"twitter:data1\" content=\"1 minute\" \/>\n<script type=\"application\/ld+json\" class=\"yoast-schema-graph\">{\"@context\":\"https:\/\/schema.org\",\"@graph\":[{\"@type\":\"WebPage\",\"@id\":\"https:\/\/csnet-conference.org\/2025\/dsgenai-2025\/\",\"url\":\"https:\/\/csnet-conference.org\/2025\/dsgenai-2025\/\",\"name\":\"DSGenAI-2025 - CSNet 2025\",\"isPartOf\":{\"@id\":\"https:\/\/csnet-conference.org\/2025\/#website\"},\"datePublished\":\"2025-08-15T09:38:10+00:00\",\"dateModified\":\"2025-09-01T16:34:33+00:00\",\"breadcrumb\":{\"@id\":\"https:\/\/csnet-conference.org\/2025\/dsgenai-2025\/#breadcrumb\"},\"inLanguage\":\"en-US\",\"potentialAction\":[{\"@type\":\"ReadAction\",\"target\":[\"https:\/\/csnet-conference.org\/2025\/dsgenai-2025\/\"]}]},{\"@type\":\"BreadcrumbList\",\"@id\":\"https:\/\/csnet-conference.org\/2025\/dsgenai-2025\/#breadcrumb\",\"itemListElement\":[{\"@type\":\"ListItem\",\"position\":1,\"name\":\"Home\",\"item\":\"https:\/\/csnet-conference.org\/2025\/\"},{\"@type\":\"ListItem\",\"position\":2,\"name\":\"DSGenAI-2025\"}]},{\"@type\":\"WebSite\",\"@id\":\"https:\/\/csnet-conference.org\/2025\/#website\",\"url\":\"https:\/\/csnet-conference.org\/2025\/\",\"name\":\"CSNet 2025\",\"description\":\"9th Cyber Security in Networking Conference\",\"publisher\":{\"@id\":\"https:\/\/csnet-conference.org\/2025\/#organization\"},\"potentialAction\":[{\"@type\":\"SearchAction\",\"target\":{\"@type\":\"EntryPoint\",\"urlTemplate\":\"https:\/\/csnet-conference.org\/2025\/?s={search_term_string}\"},\"query-input\":{\"@type\":\"PropertyValueSpecification\",\"valueRequired\":true,\"valueName\":\"search_term_string\"}}],\"inLanguage\":\"en-US\"},{\"@type\":\"Organization\",\"@id\":\"https:\/\/csnet-conference.org\/2025\/#organization\",\"name\":\"CSNet 2025\",\"url\":\"https:\/\/csnet-conference.org\/2025\/\",\"logo\":{\"@type\":\"ImageObject\",\"inLanguage\":\"en-US\",\"@id\":\"https:\/\/csnet-conference.org\/2025\/#\/schema\/logo\/image\/\",\"url\":\"https:\/\/csnet-conference.org\/2025\/wp-content\/uploads\/2025\/01\/cropped-csnet_logo_2025.png\",\"contentUrl\":\"https:\/\/csnet-conference.org\/2025\/wp-content\/uploads\/2025\/01\/cropped-csnet_logo_2025.png\",\"width\":500,\"height\":500,\"caption\":\"CSNet 2025\"},\"image\":{\"@id\":\"https:\/\/csnet-conference.org\/2025\/#\/schema\/logo\/image\/\"}}]}<\/script>\n<!-- \/ Yoast SEO plugin. -->","yoast_head_json":{"title":"DSGenAI-2025 - CSNet 2025","robots":{"index":"index","follow":"follow","max-snippet":"max-snippet:-1","max-image-preview":"max-image-preview:large","max-video-preview":"max-video-preview:-1"},"canonical":"https:\/\/csnet-conference.org\/2025\/dsgenai-2025\/","og_locale":"en_US","og_type":"article","og_title":"DSGenAI-2025 - CSNet 2025","og_description":"DSGenAI-2025 Workshop Generative Artificial Intelligence (GenAI) &hellip; Continue reading &rarr;","og_url":"https:\/\/csnet-conference.org\/2025\/dsgenai-2025\/","og_site_name":"CSNet 2025","article_modified_time":"2025-09-01T16:34:33+00:00","twitter_card":"summary_large_image","twitter_misc":{"Est. reading time":"1 minute"},"schema":{"@context":"https:\/\/schema.org","@graph":[{"@type":"WebPage","@id":"https:\/\/csnet-conference.org\/2025\/dsgenai-2025\/","url":"https:\/\/csnet-conference.org\/2025\/dsgenai-2025\/","name":"DSGenAI-2025 - CSNet 2025","isPartOf":{"@id":"https:\/\/csnet-conference.org\/2025\/#website"},"datePublished":"2025-08-15T09:38:10+00:00","dateModified":"2025-09-01T16:34:33+00:00","breadcrumb":{"@id":"https:\/\/csnet-conference.org\/2025\/dsgenai-2025\/#breadcrumb"},"inLanguage":"en-US","potentialAction":[{"@type":"ReadAction","target":["https:\/\/csnet-conference.org\/2025\/dsgenai-2025\/"]}]},{"@type":"BreadcrumbList","@id":"https:\/\/csnet-conference.org\/2025\/dsgenai-2025\/#breadcrumb","itemListElement":[{"@type":"ListItem","position":1,"name":"Home","item":"https:\/\/csnet-conference.org\/2025\/"},{"@type":"ListItem","position":2,"name":"DSGenAI-2025"}]},{"@type":"WebSite","@id":"https:\/\/csnet-conference.org\/2025\/#website","url":"https:\/\/csnet-conference.org\/2025\/","name":"CSNet 2025","description":"9th Cyber Security in Networking Conference","publisher":{"@id":"https:\/\/csnet-conference.org\/2025\/#organization"},"potentialAction":[{"@type":"SearchAction","target":{"@type":"EntryPoint","urlTemplate":"https:\/\/csnet-conference.org\/2025\/?s={search_term_string}"},"query-input":{"@type":"PropertyValueSpecification","valueRequired":true,"valueName":"search_term_string"}}],"inLanguage":"en-US"},{"@type":"Organization","@id":"https:\/\/csnet-conference.org\/2025\/#organization","name":"CSNet 2025","url":"https:\/\/csnet-conference.org\/2025\/","logo":{"@type":"ImageObject","inLanguage":"en-US","@id":"https:\/\/csnet-conference.org\/2025\/#\/schema\/logo\/image\/","url":"https:\/\/csnet-conference.org\/2025\/wp-content\/uploads\/2025\/01\/cropped-csnet_logo_2025.png","contentUrl":"https:\/\/csnet-conference.org\/2025\/wp-content\/uploads\/2025\/01\/cropped-csnet_logo_2025.png","width":500,"height":500,"caption":"CSNet 2025"},"image":{"@id":"https:\/\/csnet-conference.org\/2025\/#\/schema\/logo\/image\/"}}]}},"_links":{"self":[{"href":"https:\/\/csnet-conference.org\/2025\/wp-json\/wp\/v2\/pages\/332","targetHints":{"allow":["GET"]}}],"collection":[{"href":"https:\/\/csnet-conference.org\/2025\/wp-json\/wp\/v2\/pages"}],"about":[{"href":"https:\/\/csnet-conference.org\/2025\/wp-json\/wp\/v2\/types\/page"}],"author":[{"embeddable":true,"href":"https:\/\/csnet-conference.org\/2025\/wp-json\/wp\/v2\/users\/1"}],"replies":[{"embeddable":true,"href":"https:\/\/csnet-conference.org\/2025\/wp-json\/wp\/v2\/comments?post=332"}],"version-history":[{"count":8,"href":"https:\/\/csnet-conference.org\/2025\/wp-json\/wp\/v2\/pages\/332\/revisions"}],"predecessor-version":[{"id":392,"href":"https:\/\/csnet-conference.org\/2025\/wp-json\/wp\/v2\/pages\/332\/revisions\/392"}],"wp:attachment":[{"href":"https:\/\/csnet-conference.org\/2025\/wp-json\/wp\/v2\/media?parent=332"}],"curies":[{"name":"wp","href":"https:\/\/api.w.org\/{rel}","templated":true}]}}