{"id":308,"date":"2021-07-26T17:20:27","date_gmt":"2021-07-26T17:20:27","guid":{"rendered":"https:\/\/csnet-conference.org\/2021\/?page_id=308"},"modified":"2021-07-26T17:20:33","modified_gmt":"2021-07-26T17:20:33","slug":"organizing-committee","status":"publish","type":"page","link":"https:\/\/csnet-conference.org\/2021\/index.php\/organizing-committee\/","title":{"rendered":"Organizing Committee"},"content":{"rendered":"\n<p id=\"block-8a3a98bf-c8d6-4bbb-9c70-4945f60f47eb\"><strong>Executive Chairs<\/strong>:<\/p>\n\n\n\n<p id=\"block-b8fc9ad1-00c7-4292-b732-5b19e6dd5f45\"><div class=\"row listeCommitee\"><div class=\"col-lg-6\"><img src=\"https:\/\/csnet-conference.org\/2021\/wp-content\/uploads\/2021\/01\/Benzekri.jpg\" class=\"img-rounded imageCommitee\" alt=\"Abdelmalek Benzekri - CSNet 2021\"><p><b>Abdelmalek Benzekri<\/b><br>(IRIT, Universit\u00e9 Paul Sabatier, Toulouse, France)<\/p><\/div><div class=\"col-lg-6\"><img src=\"https:\/\/csnet-conference.org\/2021\/wp-content\/uploads\/2021\/01\/Hany.jpg\" class=\"img-rounded imageCommitee\" alt=\"Hany El Kadi - CSNet 2021\"><p><b>Hany El Kadi<\/b><br>(Zayed University, UAE)<\/p><\/div><\/div><\/p>\n\n\n\n<p id=\"block-b0162f8d-fbb4-4d6a-b97d-fe44a895222d\"><strong>General Chairs<\/strong>:<\/p>\n\n\n\n<p id=\"block-1404afe1-96bd-4ba1-b2f2-3e7540be05d7\"><div class=\"row listeCommitee\"><div class=\"col-lg-6\"><img src=\"https:\/\/csnet-conference.org\/2021\/wp-content\/uploads\/2021\/01\/Frederic-Cuppens.jpg\" class=\"img-rounded imageCommitee\" alt=\"Fr\u00e9d\u00e9ric Cuppens - CSNet 2021\"><p><b>Fr\u00e9d\u00e9ric Cuppens<\/b><br>(Polytechnique Montreal, Canada)<\/p><\/div><div class=\"col-lg-6\"><img src=\"https:\/\/csnet-conference.org\/2021\/wp-content\/uploads\/2021\/01\/Ahmad-Samer-2.jpg\" class=\"img-rounded imageCommitee\" alt=\"Ahmad Samer Wazan - CSNet 2021\"><p><b>Ahmad Samer Wazan<\/b><br>(Zayed University, UAE)<\/p><\/div><\/div><div class=\"row listeCommitee\"><div class=\"col-lg-12\"><img src=\"https:\/\/csnet-conference.org\/2021\/wp-content\/uploads\/2021\/01\/Omar-Alfandi.jpg\" class=\"img-rounded imageCommitee\" alt=\"Omar Alfandi - CSNet 2021\"><p><b>Omar Alfandi<\/b><br>(Zayed University, UAE)<\/p><\/div><\/div><\/p>\n\n\n\n<p id=\"block-3532e52e-bf9d-4e14-b1ba-4905c106bff2\"><strong>TPC Chairs<\/strong>:<\/p>\n\n\n\n<p id=\"block-4a9de3f8-e2b5-4f74-986f-fd05916b7e2b\"><div class=\"row listeCommitee\"><div class=\"col-lg-6\"><img src=\"https:\/\/csnet-conference.org\/2021\/wp-content\/uploads\/2021\/01\/Monther_personal.jpg\" class=\"img-rounded imageCommitee\" alt=\"Monther Aldwairi - CSNet 2021\"><p><b>Monther Aldwairi<\/b><br>(Zayed University, UAE)<\/p><\/div><div class=\"col-lg-6\"><img src=\"https:\/\/csnet-conference.org\/2021\/wp-content\/uploads\/2021\/01\/Badra.jpg\" class=\"img-rounded imageCommitee\" alt=\"Mohamad Badra - CSNet 2021\"><p><b>Mohamad Badra<\/b><br>(Zayed University, UAE)<\/p><\/div><\/div><div class=\"row listeCommitee\"><div class=\"col-lg-12\"><img src=\"https:\/\/csnet-conference.org\/2021\/wp-content\/uploads\/2021\/01\/Michele_Nogueira.jpg\" class=\"img-rounded imageCommitee\" alt=\"Michele Nogueira - CSNet 2021\"><p><b>Michele Nogueira<\/b><br>(Federal University of Minas Gerais, Brazil)<\/p><\/div><\/div><\/p>\n\n\n\n<p id=\"block-8fa5b8d8-f335-4120-9c3a-0a0a69b48aed\"><strong>Tracks Chairs<\/strong>:<\/p>\n\n\n\n<p id=\"block-44d29ff8-decc-475c-87df-73d297582d5b\"><br><strong>Track 1: Cyber Security in Vehicular Networks<\/strong><br><div class=\"row listeCommitee\"><div class=\"col-lg-12\"><img src=\"https:\/\/csnet-conference.org\/2021\/wp-content\/uploads\/2021\/01\/nadjib.jpg\" class=\"img-rounded imageCommitee\" alt=\"Nadjib Aitsaadi - CSNet 2021\"><p><b>Nadjib Aitsaadi<\/b><br>(UVSQ \u2013 Paris Saclay, France)<\/p><\/div><\/div><\/p>\n\n\n\n<p id=\"block-928ec4a8-da30-4a33-b23c-9d3b79d6f511\"><strong>Track 2: Cyber Security of Virtual infrastructures<\/strong><br><div class=\"row listeCommitee\"><div class=\"col-lg-6\"><img src=\"https:\/\/csnet-conference.org\/2021\/wp-content\/uploads\/2021\/01\/Romain.jpg\" class=\"img-rounded imageCommitee\" alt=\"Romain Laborde - CSNet 2021\"><p><b>Romain Laborde<\/b><br>(IRIT, France)<\/p><\/div><div class=\"col-lg-6\"><img src=\"https:\/\/csnet-conference.org\/2021\/wp-content\/uploads\/2021\/01\/Makan.jpg\" class=\"img-rounded imageCommitee\" alt=\"Makan Pourzandi - CSNet 2021\"><p><b>Makan Pourzandi<\/b><br>(GFTL ER Security, Canada)<\/p><\/div><\/div><\/p>\n\n\n\n<p id=\"block-94f079ba-bf98-4428-a38c-f72693316e63\"><strong>Track 3: Blockchain<\/strong><br><div class=\"row listeCommitee\"><div class=\"col-lg-12\"><img src=\"https:\/\/csnet-conference.org\/2021\/wp-content\/uploads\/2021\/01\/Rida_Khatoun2-1.jpg\" class=\"img-rounded imageCommitee\" alt=\"Rida Khatoun - CSNet 2021\"><p><b>Rida Khatoun<\/b><br>(Polytechnic Institute of Paris, France)<\/p><\/div><\/div><\/p>\n\n\n\n<p id=\"block-6f9ffb5a-30ba-429a-b408-194399db85ae\"><strong>Track 4: Cyber Security of Critical Infrastructures<\/strong><br><div class=\"row listeCommitee\"><div class=\"col-lg-12\"><img src=\"https:\/\/csnet-conference.org\/2021\/wp-content\/uploads\/2021\/01\/Marc-Oliver-Pahl.jpg\" class=\"img-rounded imageCommitee\" alt=\"Marc-Oliver Pahl - CSNet 2021\"><p><b>Marc-Oliver Pahl<\/b><br>(IMT-Atlantique, France)<\/p><\/div><\/div><\/p>\n\n\n\n<p id=\"block-16a5f55e-ef57-484e-a486-86b0366bf278\"><strong>Track 5: Network security<\/strong><br><div class=\"row listeCommitee\"><div class=\"col-lg-12\"><img src=\"https:\/\/csnet-conference.org\/2021\/wp-content\/uploads\/2021\/01\/Je\u0301ro\u0302me-Franc\u0327ois-1.jpg\" class=\"img-rounded imageCommitee\" alt=\"J\u00e9r\u00f4me Fran\u00e7ois - CSNet 2021\"><p><b>J\u00e9r\u00f4me Fran\u00e7ois<\/b><br>(INRIA Nancy Grand Est, France)<\/p><\/div><\/div><\/p>\n\n\n\n<p id=\"block-ff54a421-0f57-4d21-bb3c-b9be0cbbbe25\"><strong>Track 6: Usability-Security track<\/strong><br><div class=\"row listeCommitee\"><div class=\"col-lg-12\"><img src=\"https:\/\/csnet-conference.org\/2021\/wp-content\/uploads\/2021\/01\/philippe_palanque_0-1.jpg\" class=\"img-rounded imageCommitee\" alt=\"Philippe Palanque - CSNet 2021\"><p><b>Philippe Palanque<\/b><br>(Paul Sabatier University, France)<\/p><\/div><\/div><\/p>\n\n\n\n<p id=\"block-163728e2-8afd-47db-8fd6-48981cbbdc78\"><strong>Track 7: Forensic track<\/strong><br><div class=\"row listeCommitee\"><div class=\"col-lg-6\"><img src=\"https:\/\/csnet-conference.org\/2021\/wp-content\/uploads\/2021\/03\/foto_2.jpg\" class=\"img-rounded imageCommitee\" alt=\"Jenny Torres - CSNet 2021\"><p><b>Jenny Torres<\/b><br>(Escuela Polit\u00e9cnica Nacional, Ecuador)<\/p><\/div><div class=\"col-lg-6\"><img src=\"https:\/\/csnet-conference.org\/2021\/wp-content\/uploads\/2021\/01\/Farkhund-scaled-1.jpg\" class=\"img-rounded imageCommitee\" alt=\"Farkhund Iqbal - CSNet 2021\"><p><b>Farkhund Iqbal<\/b><br>(Zayed University, UAE)<\/p><\/div><\/div><\/p>\n\n\n\n<p id=\"block-a517512e-0f81-453f-82ce-4688439b2c5f\"><strong>Track 8: Cyber Security for the Navy<\/strong><br><div class=\"row listeCommitee\"><div class=\"col-lg-12\"><img src=\"https:\/\/csnet-conference.org\/2021\/wp-content\/uploads\/2021\/01\/Ming.jpg\" class=\"img-rounded imageCommitee\" alt=\"Jiang Shengming - CSNet 2021\"><p><b>Jiang Shengming<\/b><br>(Shanghai Maritime University, China)<\/p><\/div><\/div><\/p>\n\n\n\n<p id=\"block-38a8f674-207f-4f4c-bc57-9957b86b3a14\"><strong>Keynotes Chairs<\/strong>:<\/p>\n\n\n\n<p id=\"block-c2685f09-5a23-47d3-a73f-6e77626b6bbd\"><div class=\"row listeCommitee\"><div class=\"col-lg-6\"><img src=\"https:\/\/csnet-conference.org\/2021\/wp-content\/uploads\/2021\/01\/carol_fung.jpg\" class=\"img-rounded imageCommitee\" alt=\"Carol Fung - CSNet 2021\"><p><b>Carol Fung<\/b><br>(Virginia Commonwealth University, USA)<\/p><\/div><div class=\"col-lg-6\"><img src=\"https:\/\/csnet-conference.org\/2021\/wp-content\/uploads\/2021\/01\/Munir.jpg\" class=\"img-rounded imageCommitee\" alt=\"Munir Majdalawieh - CSNet 2021\"><p><b>Munir Majdalawieh<\/b><br>(Zayed University, UAE)<\/p><\/div><\/div><div class=\"row listeCommitee\"><div class=\"col-lg-12\"><img src=\"https:\/\/csnet-conference.org\/2021\/wp-content\/uploads\/2021\/01\/woman.png\" class=\"img-rounded imageCommitee\" alt=\"Fatima AlHarbi - CSNet 2021\"><p><b>Fatima AlHarbi<\/b><br>(Zayed University, UAE)<\/p><\/div><\/div><\/p>\n\n\n\n<p id=\"block-33f06dc5-b409-404c-817d-b03a43a5fdb3\"><strong>Tutorial Chairs<\/strong>:<\/p>\n\n\n\n<p id=\"block-767f6c6d-4aa0-4ba6-934d-876ae49c8740\"><div class=\"row listeCommitee\"><div class=\"col-lg-6\"><img src=\"https:\/\/csnet-conference.org\/2021\/wp-content\/uploads\/2021\/01\/Joao-Negreiros1.jpg\" class=\"img-rounded imageCommitee\" alt=\"Joao Negreiros - CSNet 2021\"><p><b>Joao Negreiros<\/b><br>(Zayed University, UAE)<\/p><\/div><div class=\"col-lg-6\"><img src=\"https:\/\/csnet-conference.org\/2021\/wp-content\/uploads\/2021\/01\/image.jpg\" class=\"img-rounded imageCommitee\" alt=\"Mohammad Amin Kuhail - CSNet 2021\"><p><b>Mohammad Amin Kuhail<\/b><br>(Zayed University, UAE)<\/p><\/div><\/div><\/p>\n\n\n\n<p id=\"block-134258cd-fb8d-4d0b-bc9c-b37e98a54fa1\"><strong>Poster Chairs<\/strong>:<\/p>\n\n\n\n<p id=\"block-7657149b-242e-4075-aacc-36e8a1329b20\"><div class=\"row listeCommitee\"><div class=\"col-lg-6\"><img src=\"https:\/\/csnet-conference.org\/2021\/wp-content\/uploads\/2021\/01\/Kadhim_Hayawi_Photo.jpg\" class=\"img-rounded imageCommitee\" alt=\"Abdul Kadhim Hayawi - CSNet 2021\"><p><b>Abdul Kadhim Hayawi<\/b><br>(Zayed University, UAE)<\/p><\/div><div class=\"col-lg-6\"><img src=\"https:\/\/csnet-conference.org\/2021\/wp-content\/uploads\/2021\/01\/Asad-Picture.jpg\" class=\"img-rounded imageCommitee\" alt=\"Asad Khattak - CSNet 2021\"><p><b>Asad Khattak<\/b><br>(Zayed University, UAE)<\/p><\/div><\/div><\/p>\n\n\n\n<p id=\"block-616917f9-98e3-46d5-b12a-94a51a78932c\"><strong>Publication Chair<\/strong>s:<\/p>\n\n\n\n<p id=\"block-af6569d1-e6ea-418f-9ea8-bbf203767be6\"><div class=\"row listeCommitee\"><div class=\"col-lg-6\"><img src=\"https:\/\/csnet-conference.org\/2021\/wp-content\/uploads\/2021\/01\/Nour.jpg\" class=\"img-rounded imageCommitee\" alt=\"Nour El-Madhoun - CSNet 2021\"><p><b>Nour El-Madhoun<\/b><br>(EPITA, France)<\/p><\/div><div class=\"col-lg-6\"><img src=\"https:\/\/csnet-conference.org\/2021\/wp-content\/uploads\/2021\/01\/Fatma_Taher_f.jpg\" class=\"img-rounded imageCommitee\" alt=\"Fatma Taher - CSNet 2021\"><p><b>Fatma Taher<\/b><br>(Zayed University, UAE)<\/p><\/div><\/div><\/p>\n\n\n\n<p id=\"block-f41c1997-54af-4d69-84d0-eeadf7996974\"><strong>Sponsor Chair<\/strong>:<\/p>\n\n\n\n<p id=\"block-af49eea8-9afc-4e85-ad03-4d45e1d5c6e7\"><div class=\"row listeCommitee\"><div class=\"col-lg-12\"><img src=\"https:\/\/csnet-conference.org\/2021\/wp-content\/uploads\/2021\/01\/Fatma.jpg\" class=\"img-rounded imageCommitee\" alt=\"Fatma Outay - CSNet 2021\"><p><b>Fatma Outay<\/b><br>(Zayed University, UAE)<\/p><\/div><\/div><\/p>\n\n\n\n<p id=\"block-7211d57a-ce45-4d65-a113-b9cc50adf854\"><strong>Publicity Chairs:<\/strong><\/p>\n\n\n\n<p id=\"block-6cf35a1c-369b-4fbc-b254-94a26a2b7f53\"><div class=\"row listeCommitee\"><div class=\"col-lg-6\"><img src=\"https:\/\/csnet-conference.org\/2021\/wp-content\/uploads\/2021\/01\/ZUA_4726.jpg\" class=\"img-rounded imageCommitee\" alt=\"Liza Ahmad - CSNet 2021\"><p><b>Liza Ahmad<\/b><br>(Zayed University, UAE)<\/p><\/div><div class=\"col-lg-6\"><img src=\"https:\/\/csnet-conference.org\/2021\/wp-content\/uploads\/2021\/01\/Thi-Mai-Trang-Nguyen.jpg\" class=\"img-rounded imageCommitee\" alt=\"Thi-Mai-Trang Nguyen - CSNet 2021\"><p><b>Thi-Mai-Trang Nguyen<\/b><br>(Sorbonne University, France)<\/p><\/div><\/div><div class=\"row listeCommitee\"><div class=\"col-lg-12\"><img src=\"https:\/\/csnet-conference.org\/2021\/wp-content\/uploads\/2021\/01\/Ming.jpg\" class=\"img-rounded imageCommitee\" alt=\"Jiang Shengming - CSNet 2021\"><p><b>Jiang Shengming<\/b><br>(Shanghai Maritime University, China)<\/p><\/div><\/div><\/p>\n\n\n\n<p id=\"block-0a7643ad-c3f7-497b-b6fd-d77db2a5ae24\"><strong>Local arrangement Chair<\/strong>:<\/p>\n\n\n\n<p id=\"block-986ba164-e472-4a47-87f2-96c8b74450b4\"><div class=\"row listeCommitee\"><div class=\"col-lg-12\"><img src=\"https:\/\/csnet-conference.org\/2021\/wp-content\/uploads\/2021\/01\/MohdHussain.jpg\" class=\"img-rounded imageCommitee\" alt=\"Mohammed Hussain - CSNet 2021\"><p><b>Mohammed Hussain<\/b><br>(Zayed University, UAE)<\/p><\/div><\/div><\/p>\n\n\n\n<p id=\"block-73df1d3d-b4c9-4579-b899-484cabd30ae5\"><strong>Overall Organization<\/strong>:<\/p>\n\n\n\n<p id=\"block-0efbd210-5a1a-4624-9680-c2a23d54cc5f\"><div class=\"row listeCommitee\"><div class=\"col-lg-12\"><img src=\"https:\/\/csnet-conference.org\/2021\/wp-content\/uploads\/2021\/01\/aziza_2018.png\" class=\"img-rounded imageCommitee\" alt=\"Aziza Lounis - CSNet 2021\"><p><b>Aziza Lounis<\/b><br>(DNAC, France)<\/p><\/div><\/div><\/p>\n\n\n\n<p id=\"block-f724bb84-8067-4889-bf7b-84c82fb96745\"><strong>Web Chair<\/strong>:<\/p>\n\n\n\n<p id=\"block-7f4b6b50-1c16-4e00-abcc-92e5953fffb6\"><div class=\"row listeCommitee\"><div class=\"col-lg-12\"><img src=\"https:\/\/csnet-conference.org\/2021\/wp-content\/uploads\/2021\/01\/Elia-e1558009281461.jpg\" class=\"img-rounded imageCommitee\" alt=\"Elia Kallas - CSNet 2021\"><p><b>Elia Kallas<\/b><br>(DNAC, France)<\/p><\/div><\/div><\/p>\n\n\n\n<h4 id=\"block-337a0e54-98c8-4e69-9662-e80d0ee6375c\">Steering Committee<\/h4>\n\n\n\n<ul id=\"block-b4d4c11b-dd7e-43bc-a117-ecf3f6e2dd80\"><li>Abdelmalek Benzekri (IRIT, France)<\/li><li>Guy Pujolle (SU, France)<\/li><li>Raouf Boutaba (University of Waterloo, Canada)<\/li><li>Rida Khatoun (Telecom ParisTech, France)<\/li><li>Solange Ghernaouti (University of Lausanne, Switzerland)<\/li><li>Samia Bouzefrane (CNAM, France)<\/li><\/ul>\n","protected":false},"excerpt":{"rendered":"<p>Executive Chairs: General Chairs: TPC Chairs: &hellip; <a href=\"https:\/\/csnet-conference.org\/2021\/index.php\/elika_speaker\/elia-kallas\/\">Continue reading <span class=\"meta-nav\">&rarr;<\/span><\/a><\/p>\n","protected":false},"author":1,"featured_media":0,"parent":0,"menu_order":0,"comment_status":"closed","ping_status":"closed","template":"","meta":[],"yoast_head":"<!-- This site is optimized with the Yoast SEO plugin v15.7 - https:\/\/yoast.com\/wordpress\/plugins\/seo\/ -->\n<title>Organizing Committee - CSNet 2021<\/title>\n<meta name=\"robots\" content=\"index, follow, max-snippet:-1, max-image-preview:large, max-video-preview:-1\" \/>\n<link rel=\"canonical\" href=\"https:\/\/csnet-conference.org\/2021\/index.php\/organizing-committee\/\" \/>\n<meta property=\"og:locale\" content=\"en_US\" \/>\n<meta property=\"og:type\" content=\"article\" \/>\n<meta property=\"og:title\" content=\"Organizing Committee - CSNet 2021\" \/>\n<meta property=\"og:description\" content=\"Executive Chairs: General Chairs: TPC Chairs: &hellip; Continue reading &rarr;\" \/>\n<meta property=\"og:url\" content=\"https:\/\/csnet-conference.org\/2021\/index.php\/organizing-committee\/\" \/>\n<meta property=\"og:site_name\" content=\"CSNet 2021\" \/>\n<meta property=\"article:modified_time\" content=\"2021-07-26T17:20:33+00:00\" \/>\n<meta name=\"twitter:card\" content=\"summary_large_image\" \/>\n<meta name=\"twitter:label1\" content=\"Est. reading time\">\n\t<meta name=\"twitter:data1\" content=\"1 minute\">\n<script type=\"application\/ld+json\" class=\"yoast-schema-graph\">{\"@context\":\"https:\/\/schema.org\",\"@graph\":[{\"@type\":\"WebSite\",\"@id\":\"https:\/\/csnet-conference.org\/2021\/#website\",\"url\":\"https:\/\/csnet-conference.org\/2021\/\",\"name\":\"CSNet 2021\",\"description\":\"5th Cyber Security in Networking Conference\",\"potentialAction\":[{\"@type\":\"SearchAction\",\"target\":\"https:\/\/csnet-conference.org\/2021\/?s={search_term_string}\",\"query-input\":\"required name=search_term_string\"}],\"inLanguage\":\"en-US\"},{\"@type\":\"WebPage\",\"@id\":\"https:\/\/csnet-conference.org\/2021\/index.php\/organizing-committee\/#webpage\",\"url\":\"https:\/\/csnet-conference.org\/2021\/index.php\/organizing-committee\/\",\"name\":\"Organizing Committee - CSNet 2021\",\"isPartOf\":{\"@id\":\"https:\/\/csnet-conference.org\/2021\/#website\"},\"datePublished\":\"2021-07-26T17:20:27+00:00\",\"dateModified\":\"2021-07-26T17:20:33+00:00\",\"inLanguage\":\"en-US\",\"potentialAction\":[{\"@type\":\"ReadAction\",\"target\":[\"https:\/\/csnet-conference.org\/2021\/index.php\/organizing-committee\/\"]}]}]}<\/script>\n<!-- \/ Yoast SEO plugin. -->","_links":{"self":[{"href":"https:\/\/csnet-conference.org\/2021\/index.php\/wp-json\/wp\/v2\/pages\/308"}],"collection":[{"href":"https:\/\/csnet-conference.org\/2021\/index.php\/wp-json\/wp\/v2\/pages"}],"about":[{"href":"https:\/\/csnet-conference.org\/2021\/index.php\/wp-json\/wp\/v2\/types\/page"}],"author":[{"embeddable":true,"href":"https:\/\/csnet-conference.org\/2021\/index.php\/wp-json\/wp\/v2\/users\/1"}],"replies":[{"embeddable":true,"href":"https:\/\/csnet-conference.org\/2021\/index.php\/wp-json\/wp\/v2\/comments?post=308"}],"version-history":[{"count":2,"href":"https:\/\/csnet-conference.org\/2021\/index.php\/wp-json\/wp\/v2\/pages\/308\/revisions"}],"predecessor-version":[{"id":310,"href":"https:\/\/csnet-conference.org\/2021\/index.php\/wp-json\/wp\/v2\/pages\/308\/revisions\/310"}],"wp:attachment":[{"href":"https:\/\/csnet-conference.org\/2021\/index.php\/wp-json\/wp\/v2\/media?parent=308"}],"curies":[{"name":"wp","href":"https:\/\/api.w.org\/{rel}","templated":true}]}}